{"id":630,"date":"2024-04-27T11:42:48","date_gmt":"2024-04-27T11:42:48","guid":{"rendered":"http:\/\/m-ravenstein.de\/?page_id=630"},"modified":"2024-05-14T10:05:12","modified_gmt":"2024-05-14T10:05:12","slug":"saengerin-en","status":"publish","type":"page","link":"https:\/\/m-ravenstein.de\/?page_id=630&lang=en","title":{"rendered":"S\u00e4ngerin-EN"},"content":{"rendered":"\n<div id=\"wp-block-themeisle-blocks-advanced-columns-4845f905\" class=\"wp-block-themeisle-blocks-advanced-columns alignfull has-1-columns has-desktop-equal-layout has-tablet-equal-layout has-mobile-equal-layout has-vertical-unset\"><div class=\"wp-block-themeisle-blocks-advanced-columns-overlay\"><\/div><div class=\"innerblocks-wrap\">\n<div id=\"wp-block-themeisle-blocks-advanced-column-7991d263\" class=\"wp-block-themeisle-blocks-advanced-column\">\n<h1 id=\"wp-block-themeisle-blocks-advanced-heading-78f9d0f7\" class=\"wp-block-themeisle-blocks-advanced-heading wp-block-themeisle-blocks-advanced-heading-78f9d0f7\">S\u00e4ngerin<\/h1>\n<\/div>\n<\/div><\/div>\n\n\n\n<div id=\"wp-block-themeisle-blocks-advanced-columns-4a5a872c\" class=\"wp-block-themeisle-blocks-advanced-columns alignwide has-2-columns has-desktop-twoOne-layout has-tablet-equal-layout has-mobile-collapsedRows-layout has-reverse-columns-mobile has-vertical-top\"><div class=\"wp-block-themeisle-blocks-advanced-columns-overlay\"><\/div><div class=\"innerblocks-wrap\">\n<div id=\"wp-block-themeisle-blocks-advanced-column-f1b69168\" class=\"wp-block-themeisle-blocks-advanced-column\">\n<div class=\"wp-block-group\"><div class=\"wp-block-group__inner-container is-layout-constrained wp-block-group-is-layout-constrained\">\n<p>My singing career has been a colourful mix of independent opera productions (including the roles Cherubino, Dorabella, Nerone), oratorio, a deep involvement with Lieder, and many years as a substitute in radio choirs.<\/p>\n\n\n\n<p>Above all, my 10 years with the KonzertAkt ensemble have fundamentally shaped me and my inner attitude to performances in the Lied genre. For me, performances in this genre do not work without a well-founded concept, regardless of whether the evening is staged, whether you present and recite between the songs, or whether you only sing.<\/p>\n\n\n\n<p>Many wonderful concepts have been created in this way and have gone on stage; some are still waiting their turn.<\/p>\n<\/div><\/div>\n<\/div>\n\n\n\n<div id=\"wp-block-themeisle-blocks-advanced-column-8bd4a650\" class=\"wp-block-themeisle-blocks-advanced-column\">\n<figure class=\"wp-block-image size-full\"><img loading=\"lazy\" decoding=\"async\" width=\"418\" height=\"642\" src=\"http:\/\/m-ravenstein.de\/wp-content\/uploads\/2024\/04\/ImFoyer.jpg\" alt=\"\" class=\"wp-image-386\" srcset=\"https:\/\/m-ravenstein.de\/wp-content\/uploads\/2024\/04\/ImFoyer.jpg 418w, https:\/\/m-ravenstein.de\/wp-content\/uploads\/2024\/04\/ImFoyer-195x300.jpg 195w\" sizes=\"(max-width: 418px) 100vw, 418px\" \/><\/figure>\n<\/div>\n<\/div><\/div>\n\n\n\n<div id=\"wp-block-themeisle-blocks-advanced-columns-e2bcc6f1\" class=\"wp-block-themeisle-blocks-advanced-columns alignwide has-2-columns has-desktop-oneTwo-layout has-tablet-equal-layout has-mobile-collapsedRows-layout has-vertical-top\"><div class=\"wp-block-themeisle-blocks-advanced-columns-overlay\"><\/div><div class=\"innerblocks-wrap\">\n<div id=\"wp-block-themeisle-blocks-advanced-column-987f47c0\" class=\"wp-block-themeisle-blocks-advanced-column\"><div class=\"wp-block-image\">\n<figure class=\"aligncenter size-full is-resized\"><img loading=\"lazy\" decoding=\"async\" width=\"482\" height=\"230\" src=\"http:\/\/m-ravenstein.de\/wp-content\/uploads\/2024\/04\/HMRuHD-2.jpg\" alt=\"\" class=\"wp-image-504\" style=\"width:516px;height:auto\" srcset=\"https:\/\/m-ravenstein.de\/wp-content\/uploads\/2024\/04\/HMRuHD-2.jpg 482w, https:\/\/m-ravenstein.de\/wp-content\/uploads\/2024\/04\/HMRuHD-2-300x143.jpg 300w\" sizes=\"(max-width: 482px) 100vw, 482px\" \/><figcaption class=\"wp-element-caption\">Mehlspeis! mit Hedayet Djeddikar<\/figcaption><\/figure><\/div><\/div>\n\n\n\n<div id=\"wp-block-themeisle-blocks-advanced-column-4142399c\" class=\"wp-block-themeisle-blocks-advanced-column\">\n<p><strong>Mehlspeis! <\/strong><strong><\/strong><\/p>\n\n\n\n<p><strong>Oder: Davon geht die Welt nicht unter!<\/strong><strong><\/strong><\/p>\n\n\n\n<p>Es gibt zur Zeit nicht viel zum Lachen auf dieser Welt. Und gerade deshalb haben Henriette Meyer-Ravenstein und Hedayet Djeddikar einen h\u00f6chst vergn\u00fcglichen Abend mit Chansons der 10er, 20er und 30er Jahre des 20. Jahrhunderts im Programm.<\/p>\n\n\n\n<p>Machen Sie sich auf mancherlei Frechheit und Anz\u00fcglichkeit gefasst &#8211; das waren ganz sch\u00f6n verwegene Zeiten! Eine Warnung f\u00fcr Empfindsame: Die Texte der Lieder sind nicht immer politisch korrekt!<\/p>\n\n\n\n<p> ***Aus urheberrechtlichen Gr\u00fcnden k\u00f6nnen die Links zu Demo-Videos nur auf Mail-Anfrage <br>zugeschickt werden.<\/p>\n<\/div>\n<\/div><\/div>\n\n\n\n<div id=\"wp-block-themeisle-blocks-advanced-columns-2524e556\" class=\"wp-block-themeisle-blocks-advanced-columns alignwide has-2-columns has-desktop-twoOne-layout has-tablet-equal-layout has-mobile-collapsedRows-layout has-reverse-columns-mobile has-vertical-top\"><div class=\"wp-block-themeisle-blocks-advanced-columns-overlay\"><\/div><div class=\"innerblocks-wrap\">\n<div id=\"wp-block-themeisle-blocks-advanced-column-195bba5a\" class=\"wp-block-themeisle-blocks-advanced-column\">\n<div class=\"wp-block-group is-vertical is-layout-flex wp-container-core-group-is-layout-2 wp-block-group-is-layout-flex\">\n<p><strong>Ausschnitte aus:<\/strong><\/p>\n\n\n\n<p><strong>My Spirit wanders free<\/strong><\/p>\n\n\n\n<p>Lieder von Josef Haydn, Robert Schumann, Ture Rangstr\u00f6m und Dominick Argento Nach Texten von Anne Hunter, Maria Stuart, Karin Boye und Virginia Woolf<\/p>\n\n\n\n<p>Youtube -> <a href=\"https:\/\/www.youtube.com\/watch?v=QdFSiCXd-x0\">CLICK<\/a><\/p>\n<\/div>\n<\/div>\n\n\n\n<div id=\"wp-block-themeisle-blocks-advanced-column-5b2cfcfb\" class=\"wp-block-themeisle-blocks-advanced-column\">\n<figure class=\"wp-block-image size-full\"><img loading=\"lazy\" decoding=\"async\" width=\"640\" height=\"480\" src=\"http:\/\/m-ravenstein.de\/wp-content\/uploads\/2024\/04\/GS.jpg\" alt=\"\" class=\"wp-image-416\" srcset=\"https:\/\/m-ravenstein.de\/wp-content\/uploads\/2024\/04\/GS.jpg 640w, https:\/\/m-ravenstein.de\/wp-content\/uploads\/2024\/04\/GS-300x225.jpg 300w\" sizes=\"(max-width: 640px) 100vw, 640px\" \/><\/figure>\n<\/div>\n<\/div><\/div>\n\n\n\n<div id=\"wp-block-themeisle-blocks-advanced-columns-82d674e2\" class=\"wp-block-themeisle-blocks-advanced-columns alignfull has-1-columns has-desktop-equal-layout has-tablet-equal-layout has-mobile-equal-layout has-vertical-unset\"><div class=\"wp-block-themeisle-blocks-advanced-columns-overlay\"><\/div><div class=\"innerblocks-wrap\">\n<div id=\"wp-block-themeisle-blocks-advanced-column-1845f8e5\" class=\"wp-block-themeisle-blocks-advanced-column\"><\/div>\n<\/div><\/div>\n\n\n\n<p><\/p>\n","protected":false},"excerpt":{"rendered":"","protected":false},"author":1,"featured_media":0,"parent":0,"menu_order":0,"comment_status":"closed","ping_status":"closed","template":"page-templates\/template-pagebuilder-full-width.php","meta":{"neve_meta_sidebar":"","neve_meta_container":"","neve_meta_enable_content_width":"","neve_meta_content_width":0,"neve_meta_title_alignment":"","neve_meta_author_avatar":"","neve_post_elements_order":"","neve_meta_disable_header":"","neve_meta_disable_footer":"","neve_meta_disable_title":"","_themeisle_gutenberg_block_has_review":false,"_ti_tpc_template_sync":false,"_ti_tpc_template_id":"","footnotes":""},"_links":{"self":[{"href":"https:\/\/m-ravenstein.de\/index.php?rest_route=\/wp\/v2\/pages\/630"}],"collection":[{"href":"https:\/\/m-ravenstein.de\/index.php?rest_route=\/wp\/v2\/pages"}],"about":[{"href":"https:\/\/m-ravenstein.de\/index.php?rest_route=\/wp\/v2\/types\/page"}],"author":[{"embeddable":true,"href":"https:\/\/m-ravenstein.de\/index.php?rest_route=\/wp\/v2\/users\/1"}],"replies":[{"embeddable":true,"href":"https:\/\/m-ravenstein.de\/index.php?rest_route=%2Fwp%2Fv2%2Fcomments&post=630"}],"version-history":[{"count":5,"href":"https:\/\/m-ravenstein.de\/index.php?rest_route=\/wp\/v2\/pages\/630\/revisions"}],"predecessor-version":[{"id":759,"href":"https:\/\/m-ravenstein.de\/index.php?rest_route=\/wp\/v2\/pages\/630\/revisions\/759"}],"wp:attachment":[{"href":"https:\/\/m-ravenstein.de\/index.php?rest_route=%2Fwp%2Fv2%2Fmedia&parent=630"}],"curies":[{"name":"wp","href":"https:\/\/api.w.org\/{rel}","templated":true}]}}