{"id":377,"date":"2024-04-07T11:17:57","date_gmt":"2024-04-07T11:17:57","guid":{"rendered":"http:\/\/m-ravenstein.de\/?page_id=377"},"modified":"2024-07-07T12:54:49","modified_gmt":"2024-07-07T12:54:49","slug":"saengerin","status":"publish","type":"page","link":"https:\/\/m-ravenstein.de\/?page_id=377","title":{"rendered":"S\u00e4ngerin"},"content":{"rendered":"\n<div id=\"wp-block-themeisle-blocks-advanced-columns-4845f905\" class=\"wp-block-themeisle-blocks-advanced-columns alignfull has-1-columns has-desktop-equal-layout has-tablet-equal-layout has-mobile-equal-layout has-vertical-unset\"><div class=\"wp-block-themeisle-blocks-advanced-columns-overlay\"><\/div><div class=\"innerblocks-wrap\">\n<div id=\"wp-block-themeisle-blocks-advanced-column-7991d263\" class=\"wp-block-themeisle-blocks-advanced-column\">\n<h1 id=\"wp-block-themeisle-blocks-advanced-heading-78f9d0f7\" class=\"wp-block-themeisle-blocks-advanced-heading wp-block-themeisle-blocks-advanced-heading-78f9d0f7\">S\u00e4ngerin<\/h1>\n<\/div>\n<\/div><\/div>\n\n\n\n<div id=\"wp-block-themeisle-blocks-advanced-columns-4a5a872c\" class=\"wp-block-themeisle-blocks-advanced-columns alignwide has-2-columns has-desktop-twoOne-layout has-tablet-equal-layout has-mobile-collapsedRows-layout has-reverse-columns-mobile has-vertical-top has-light-bg\"><div class=\"wp-block-themeisle-blocks-advanced-columns-overlay\"><\/div><div class=\"innerblocks-wrap\">\n<div id=\"wp-block-themeisle-blocks-advanced-column-f1b69168\" class=\"wp-block-themeisle-blocks-advanced-column\">\n<div class=\"wp-block-group\"><div class=\"wp-block-group__inner-container is-layout-constrained wp-block-group-is-layout-constrained\">\n<p>Meine s\u00e4ngerische Laufbahn war ein bunter Mix aus freien Opernproduktionen (u.a. Cherubino, Dorabella, Nerone), Oratorium, viel Lied und langj\u00e4hrigen Aushilfen im Rundfunkchor.<\/p>\n\n\n\n<p>Vor allem die 10 Jahre mit dem Ensemble KonzertAkt haben mich und meine innere Einstellung zu Auftritten mit dem Genre Lied grunds\u00e4tzlich gepr\u00e4gt. Ohne fundiertes Konzept geht es f\u00fcr mich gar nicht, unabh\u00e4ngig davon, ob der Abend szenisch wird, ob man selbst moderiert und rezitiert zwischen den Liedern oder ob ausschlie\u00dflich gesungen wird.<\/p>\n\n\n\n<p>Viele wunderbare Konzepte sind so entstanden und auf die B\u00fchne gegangen, einiges liegt noch in der Schublade.<\/p>\n<\/div><\/div>\n<\/div>\n\n\n\n<div id=\"wp-block-themeisle-blocks-advanced-column-8bd4a650\" class=\"wp-block-themeisle-blocks-advanced-column\">\n<figure class=\"wp-block-image size-full\"><img loading=\"lazy\" decoding=\"async\" width=\"418\" height=\"642\" src=\"http:\/\/m-ravenstein.de\/wp-content\/uploads\/2024\/04\/ImFoyer.jpg\" alt=\"\" class=\"wp-image-386\" srcset=\"https:\/\/m-ravenstein.de\/wp-content\/uploads\/2024\/04\/ImFoyer.jpg 418w, https:\/\/m-ravenstein.de\/wp-content\/uploads\/2024\/04\/ImFoyer-195x300.jpg 195w\" sizes=\"(max-width: 418px) 100vw, 418px\" \/><\/figure>\n<\/div>\n<\/div><\/div>\n\n\n\n<div id=\"wp-block-themeisle-blocks-advanced-columns-e2bcc6f1\" class=\"wp-block-themeisle-blocks-advanced-columns alignwide has-2-columns has-desktop-oneTwo-layout has-tablet-equal-layout has-mobile-collapsedRows-layout has-vertical-top\"><div class=\"wp-block-themeisle-blocks-advanced-columns-overlay\"><\/div><div class=\"innerblocks-wrap\">\n<div id=\"wp-block-themeisle-blocks-advanced-column-987f47c0\" class=\"wp-block-themeisle-blocks-advanced-column\"><div class=\"wp-block-image\">\n<figure class=\"aligncenter size-full is-resized\"><img loading=\"lazy\" decoding=\"async\" width=\"482\" height=\"230\" src=\"http:\/\/m-ravenstein.de\/wp-content\/uploads\/2024\/04\/HMRuHD-2.jpg\" alt=\"\" class=\"wp-image-504\" style=\"width:516px;height:auto\" srcset=\"https:\/\/m-ravenstein.de\/wp-content\/uploads\/2024\/04\/HMRuHD-2.jpg 482w, https:\/\/m-ravenstein.de\/wp-content\/uploads\/2024\/04\/HMRuHD-2-300x143.jpg 300w\" sizes=\"(max-width: 482px) 100vw, 482px\" \/><figcaption class=\"wp-element-caption\">Mehlspeis! mit Hedayet Djeddikar<\/figcaption><\/figure><\/div><\/div>\n\n\n\n<div id=\"wp-block-themeisle-blocks-advanced-column-4142399c\" class=\"wp-block-themeisle-blocks-advanced-column\">\n<p><strong>Mehlspeis! <\/strong><strong><\/strong><\/p>\n\n\n\n<p><strong>Oder: Davon geht die Welt nicht unter!<\/strong><strong><\/strong><\/p>\n\n\n\n<p>Es gibt zur Zeit nicht viel zum Lachen auf dieser Welt. Und gerade deshalb haben Henriette Meyer-Ravenstein und Hedayet Djeddikar einen h\u00f6chst vergn\u00fcglichen Abend mit Chansons der 10er, 20er und 30er Jahre des 20. Jahrhunderts im Programm.<\/p>\n\n\n\n<p>Machen Sie sich auf mancherlei Frechheit und Anz\u00fcglichkeit gefasst &#8211; das waren ganz sch\u00f6n verwegene Zeiten! Eine Warnung f\u00fcr Empfindsame: Die Texte der Lieder sind nicht immer politisch korrekt!<\/p>\n\n\n\n<p style=\"font-size:14px\">***Aus urheberrechtlichen Gr\u00fcnden k\u00f6nnen die Links zu Demo-Videos nur auf Mail-Anfrage zugeschickt werden.<\/p>\n<\/div>\n<\/div><\/div>\n\n\n\n<div id=\"wp-block-themeisle-blocks-advanced-columns-d76ef5af\" class=\"wp-block-themeisle-blocks-advanced-columns alignwide has-2-columns has-desktop-twoOne-layout has-tablet-equal-layout has-mobile-collapsedRows-layout has-reverse-columns-mobile has-vertical-top\"><div class=\"wp-block-themeisle-blocks-advanced-columns-overlay\"><\/div><div class=\"innerblocks-wrap\">\n<div id=\"wp-block-themeisle-blocks-advanced-column-701b398a\" class=\"wp-block-themeisle-blocks-advanced-column\">\n<div class=\"wp-block-group is-vertical is-layout-flex wp-container-core-group-is-layout-2 wp-block-group-is-layout-flex\">\n<p><strong>Ausschnitte aus:<\/strong><\/p>\n\n\n\n<p><strong>My Spirit wanders free<\/strong><\/p>\n\n\n\n<p>Lieder von Josef Haydn, Robert Schumann, Ture Rangstr\u00f6m und Dominick Argento nach Texten von Anne Hunter, Maria Stuart, Karin Boye und Virginia Woolf<\/p>\n\n\n\n<p>Youtube -&gt; <a href=\"https:\/\/www.youtube.com\/watch?v=QdFSiCXd-x0\">CLICK<\/a><\/p>\n<\/div>\n<\/div>\n\n\n\n<div id=\"wp-block-themeisle-blocks-advanced-column-945fbf73\" class=\"wp-block-themeisle-blocks-advanced-column\">\n<figure class=\"wp-block-image size-full\"><img loading=\"lazy\" decoding=\"async\" width=\"640\" height=\"480\" src=\"http:\/\/m-ravenstein.de\/wp-content\/uploads\/2024\/04\/GS.jpg\" alt=\"\" class=\"wp-image-416\" srcset=\"https:\/\/m-ravenstein.de\/wp-content\/uploads\/2024\/04\/GS.jpg 640w, https:\/\/m-ravenstein.de\/wp-content\/uploads\/2024\/04\/GS-300x225.jpg 300w\" sizes=\"(max-width: 640px) 100vw, 640px\" \/><\/figure>\n<\/div>\n<\/div><\/div>\n\n\n\n<div id=\"wp-block-themeisle-blocks-advanced-columns-82d674e2\" class=\"wp-block-themeisle-blocks-advanced-columns alignfull has-1-columns has-desktop-equal-layout has-tablet-equal-layout has-mobile-equal-layout has-vertical-unset has-light-bg\"><div class=\"wp-block-themeisle-blocks-advanced-columns-overlay\"><\/div><div class=\"innerblocks-wrap\">\n<div id=\"wp-block-themeisle-blocks-advanced-column-1845f8e5\" class=\"wp-block-themeisle-blocks-advanced-column\"><\/div>\n<\/div><\/div>\n\n\n\n<p><\/p>\n","protected":false},"excerpt":{"rendered":"","protected":false},"author":1,"featured_media":0,"parent":0,"menu_order":0,"comment_status":"closed","ping_status":"closed","template":"page-templates\/template-pagebuilder-full-width.php","meta":{"neve_meta_sidebar":"","neve_meta_container":"","neve_meta_enable_content_width":"","neve_meta_content_width":0,"neve_meta_title_alignment":"","neve_meta_author_avatar":"","neve_post_elements_order":"","neve_meta_disable_header":"","neve_meta_disable_footer":"","neve_meta_disable_title":"","_themeisle_gutenberg_block_has_review":false,"_ti_tpc_template_sync":false,"_ti_tpc_template_id":"","footnotes":""},"_links":{"self":[{"href":"https:\/\/m-ravenstein.de\/index.php?rest_route=\/wp\/v2\/pages\/377"}],"collection":[{"href":"https:\/\/m-ravenstein.de\/index.php?rest_route=\/wp\/v2\/pages"}],"about":[{"href":"https:\/\/m-ravenstein.de\/index.php?rest_route=\/wp\/v2\/types\/page"}],"author":[{"embeddable":true,"href":"https:\/\/m-ravenstein.de\/index.php?rest_route=\/wp\/v2\/users\/1"}],"replies":[{"embeddable":true,"href":"https:\/\/m-ravenstein.de\/index.php?rest_route=%2Fwp%2Fv2%2Fcomments&post=377"}],"version-history":[{"count":20,"href":"https:\/\/m-ravenstein.de\/index.php?rest_route=\/wp\/v2\/pages\/377\/revisions"}],"predecessor-version":[{"id":806,"href":"https:\/\/m-ravenstein.de\/index.php?rest_route=\/wp\/v2\/pages\/377\/revisions\/806"}],"wp:attachment":[{"href":"https:\/\/m-ravenstein.de\/index.php?rest_route=%2Fwp%2Fv2%2Fmedia&parent=377"}],"curies":[{"name":"wp","href":"https:\/\/api.w.org\/{rel}","templated":true}]}}