{"id":375,"date":"2024-04-07T11:17:25","date_gmt":"2024-04-07T11:17:25","guid":{"rendered":"http:\/\/m-ravenstein.de\/?page_id=375"},"modified":"2026-03-05T10:30:42","modified_gmt":"2026-03-05T10:30:42","slug":"aktuelles","status":"publish","type":"page","link":"https:\/\/m-ravenstein.de\/?page_id=375","title":{"rendered":"Aktuelles"},"content":{"rendered":"\n<div id=\"wp-block-themeisle-blocks-advanced-columns-4845f905\" class=\"wp-block-themeisle-blocks-advanced-columns alignfull has-1-columns has-desktop-equal-layout has-tablet-equal-layout has-mobile-equal-layout has-vertical-unset\"><div class=\"wp-block-themeisle-blocks-advanced-columns-overlay\"><\/div><div class=\"innerblocks-wrap\">\n<div id=\"wp-block-themeisle-blocks-advanced-column-7991d263\" class=\"wp-block-themeisle-blocks-advanced-column\">\n<h1 id=\"wp-block-themeisle-blocks-advanced-heading-78f9d0f7\" class=\"wp-block-themeisle-blocks-advanced-heading wp-block-themeisle-blocks-advanced-heading-78f9d0f7\">Aktuelles<\/h1>\n<\/div>\n<\/div><\/div>\n\n\n\n<div style=\"height:100px\" aria-hidden=\"true\" class=\"wp-block-spacer\"><\/div>\n\n\n\n<div class=\"wp-block-media-text alignwide is-stacked-on-mobile is-vertically-aligned-top\" style=\"grid-template-columns:49% auto\"><figure class=\"wp-block-media-text__media\"><img loading=\"lazy\" decoding=\"async\" width=\"1886\" height=\"2560\" src=\"http:\/\/m-ravenstein.de\/wp-content\/uploads\/2026\/03\/F9B31F2D-F298-4677-B754-0F4976E6CE5A_1_201_a-scaled.jpeg\" alt=\"\" class=\"wp-image-834 size-full\" srcset=\"https:\/\/m-ravenstein.de\/wp-content\/uploads\/2026\/03\/F9B31F2D-F298-4677-B754-0F4976E6CE5A_1_201_a-scaled.jpeg 1886w, https:\/\/m-ravenstein.de\/wp-content\/uploads\/2026\/03\/F9B31F2D-F298-4677-B754-0F4976E6CE5A_1_201_a-221x300.jpeg 221w, https:\/\/m-ravenstein.de\/wp-content\/uploads\/2026\/03\/F9B31F2D-F298-4677-B754-0F4976E6CE5A_1_201_a-768x1042.jpeg 768w, https:\/\/m-ravenstein.de\/wp-content\/uploads\/2026\/03\/F9B31F2D-F298-4677-B754-0F4976E6CE5A_1_201_a-1132x1536.jpeg 1132w, https:\/\/m-ravenstein.de\/wp-content\/uploads\/2026\/03\/F9B31F2D-F298-4677-B754-0F4976E6CE5A_1_201_a-1509x2048.jpeg 1509w\" sizes=\"(max-width: 1886px) 100vw, 1886px\" \/><\/figure><div class=\"wp-block-media-text__content\">\n<p class=\"has-medium-font-size\"><strong>In Vorbereitung: Der Kleine Horrorladen<\/strong> Musical von Alan Menken und Howard Ashman; HfMDK Frankfurt<\/p>\n\n\n\n<p><\/p>\n\n\n\n<p>7.5. bis 11.5. 2026, Kleiner Saal der HfMDK<\/p>\n\n\n\n<p>Alan Menken \/ Howard Ashman<br><strong>Der kleine Horrorladen (1986)<\/strong>, das weltber\u00fchmte Musical um eine gruselige Pflanze. Mit Studierenden der HfMDK Frankfurt<br>Bandleitung: Martin Bosch<br>Regie: Henriette Meyer-Ravenstein&nbsp;<\/p>\n\n\n\n<div class=\"wp-block-cover alignleft\"><span aria-hidden=\"true\" class=\"wp-block-cover__background has-background-dim\"><\/span><img loading=\"lazy\" decoding=\"async\" width=\"400\" height=\"476\" class=\"wp-block-cover__image-background wp-image-835\" alt=\"\" src=\"http:\/\/m-ravenstein.de\/wp-content\/uploads\/2026\/03\/404585B4-0BBA-4BEE-AB60-F2B0E448F16C-e1772705861459.jpeg\" data-object-fit=\"cover\" srcset=\"https:\/\/m-ravenstein.de\/wp-content\/uploads\/2026\/03\/404585B4-0BBA-4BEE-AB60-F2B0E448F16C-e1772705861459.jpeg 400w, https:\/\/m-ravenstein.de\/wp-content\/uploads\/2026\/03\/404585B4-0BBA-4BEE-AB60-F2B0E448F16C-e1772705861459-252x300.jpeg 252w\" sizes=\"(max-width: 400px) 100vw, 400px\" \/><div class=\"wp-block-cover__inner-container is-layout-flow wp-block-cover-is-layout-flow\">\n<p class=\"has-text-align-center has-large-font-size\"><\/p>\n<\/div><\/div>\n<\/div><\/div>\n\n\n\n<div style=\"height:20px\" aria-hidden=\"true\" class=\"wp-block-spacer\"><\/div>\n\n\n\n<div class=\"wp-block-media-text alignwide is-stacked-on-mobile\"><figure class=\"wp-block-media-text__media\"><img loading=\"lazy\" decoding=\"async\" width=\"482\" height=\"230\" src=\"http:\/\/m-ravenstein.de\/wp-content\/uploads\/2024\/04\/HMRuHD-2.jpg\" alt=\"\" class=\"wp-image-504 size-full\" srcset=\"https:\/\/m-ravenstein.de\/wp-content\/uploads\/2024\/04\/HMRuHD-2.jpg 482w, https:\/\/m-ravenstein.de\/wp-content\/uploads\/2024\/04\/HMRuHD-2-300x143.jpg 300w\" sizes=\"(max-width: 482px) 100vw, 482px\" \/><\/figure><div class=\"wp-block-media-text__content\">\n<div class=\"wp-block-group has-medium-font-size is-vertical is-layout-flex wp-container-core-group-is-layout-1 wp-block-group-is-layout-flex\">\n<p class=\"has-medium-font-size\"><strong>Mehlspeis! <\/strong><\/p>\n\n\n\n<p class=\"has-medium-font-size\"><strong>Oder: Davon geht die Welt nicht unter!<\/strong><\/p>\n<\/div>\n\n\n\n<p>Es gibt zur Zeit nicht viel zum Lachen auf dieser Welt. Und gerade deshalb haben Henriette Meyer-Ravenstein und Hedayet Djeddikar einen h\u00f6chst vergn\u00fcglichen Abend mit Chansons der 10er, 20er und 30er Jahre des 20. Jahrhunderts im Programm. Machen Sie sich auf mancherlei Frechheit und Anz\u00fcglichkeit gefasst &#8211; das waren ganz sch\u00f6n verwegene Zeiten! Eine Warnung f\u00fcr Empfindsame: Die Texte der Lieder sind nicht immer politisch korrekt!<\/p>\n\n\n\n<p class=\"has-small-font-size\">***Aus urheberrechtlichen Gr\u00fcnden k\u00f6nnen die Links zu Demo-Videos nur auf Mail-Anfrage zugeschickt werden.<\/p>\n<\/div><\/div>\n\n\n\n<div style=\"height:20px\" aria-hidden=\"true\" class=\"wp-block-spacer\"><\/div>\n\n\n\n<div class=\"wp-block-media-text alignwide has-media-on-the-right is-stacked-on-mobile\"><div class=\"wp-block-media-text__content\">\n<p><strong><u>Walkertshofener Workshops&nbsp;<\/u><\/strong><\/p>\n\n\n\n<div class=\"wp-block-group is-vertical is-layout-flex wp-container-core-group-is-layout-2 wp-block-group-is-layout-flex\">\n<p><strong>Lebendige Liedgestaltung f\u00fcr S\u00e4nger*innen und Pianist*innen<\/strong><\/p>\n\n\n\n<p><strong>Henriette Meyer-Ravenstein<\/strong>&nbsp;<strong>&#8211;&nbsp;Gesang<\/strong><\/p>\n\n\n\n<p><strong>Hilko Dumno &#8211;&nbsp;Klavier<\/strong><\/p>\n<\/div>\n\n\n\n<p>N\u00e4chste Kurstermine in K\u00fcrze<\/p>\n\n\n\n<div id=\"wp-block-themeisle-blocks-accordion-72283565\" class=\"wp-block-themeisle-blocks-accordion exclusive\">\n<details class=\"wp-block-themeisle-blocks-accordion-item\"><summary class=\"wp-block-themeisle-blocks-accordion-item__title\"><div>Kursinhalt<\/div><\/summary><div class=\"wp-block-themeisle-blocks-accordion-item__content\">\n<p><strong>Lebendige Liedgestaltung:<\/strong><\/p>\n\n\n\n<ul>\n<li>Wie n\u00e4here ich mich dem Inhalt eines Liedes?<\/li>\n\n\n\n<li>Wie finde ich meine pers\u00f6nliche Haltung dazu?<\/li>\n\n\n\n<li>Wie erz\u00e4hle ich meine Geschichte \u00fcberzeugend?<\/li>\n\n\n\n<li>Wie erreiche und bewege ich mein Publikum?<\/li>\n\n\n\n<li>Wie verbessere ich die \u00d6konomie meiner Stimmf\u00fchrung bzw meines Klavierspiels&nbsp; so, dass ich ausdr\u00fccken kann, was ich ausdr\u00fccken m\u00f6chte?<\/li>\n<\/ul>\n\n\n\n<p><strong>Erarbeitung von<\/strong><\/p>\n\n\n\n<ul>\n<li>Erz\u00e4hlperspektiven<\/li>\n\n\n\n<li>rollenspezifischer K\u00f6rpersprache<\/li>\n\n\n\n<li>textorientierter Klangbehandlung<\/li>\n\n\n\n<li>Kommunikation S\u00e4nger &#8211; Pianist<\/li>\n\n\n\n<li>Kommunikation Musiker &#8211; Publikum<\/li>\n<\/ul>\n\n\n\n<p><strong>Entwicklung von Ideen zur Programmkonzeption:<\/strong><\/p>\n\n\n\n<ul>\n<li>Wie stelle ich sinnvolle Liedgruppen zusammen?<\/li>\n\n\n\n<li>Wie schaffe ich nachvollziehbare \u00dcberg\u00e4nge?<\/li>\n<\/ul>\n<\/div><\/details>\n\n\n\n<details class=\"wp-block-themeisle-blocks-accordion-item\"><summary class=\"wp-block-themeisle-blocks-accordion-item__title\"><div>Kursablauf:<\/div><\/summary><div class=\"wp-block-themeisle-blocks-accordion-item__content\">\n<p>Anreise am 25.8. abends oder am 26.8. morgens. Kursbeginn: 26.8. 10.00 Uhr<\/p>\n\n\n\n<p>T\u00e4glich f\u00fcr ca 30 Minuten offene Arbeit vor der Gruppe und 30 Minuten Einzelarbeit mit Henriette Meyer-Ravenstein und\/oder Hilko Dumno.<\/p>\n\n\n\n<p>Teilnehmer*innenkonzert am Freitag den 29. August 20.00.<\/p>\n\n\n\n<p>Kursgeb\u00fchr: 320,- EUR;&nbsp;<\/p>\n\n\n\n<p>\u00dcbernachtung und Verpflegung im Haus m\u00f6glich zum Unkostenbeitrag von 120,-&nbsp; Anmeldung bis 30.6.25<\/p>\n<\/div><\/details>\n<\/div>\n<\/div><figure class=\"wp-block-media-text__media\"><img loading=\"lazy\" decoding=\"async\" width=\"1024\" height=\"752\" src=\"http:\/\/m-ravenstein.de\/wp-content\/uploads\/2024\/04\/Walkertshofenerkl-1024x752.jpg\" alt=\"\" class=\"wp-image-561 size-full\" srcset=\"https:\/\/m-ravenstein.de\/wp-content\/uploads\/2024\/04\/Walkertshofenerkl-1024x752.jpg 1024w, https:\/\/m-ravenstein.de\/wp-content\/uploads\/2024\/04\/Walkertshofenerkl-300x220.jpg 300w, https:\/\/m-ravenstein.de\/wp-content\/uploads\/2024\/04\/Walkertshofenerkl-768x564.jpg 768w, https:\/\/m-ravenstein.de\/wp-content\/uploads\/2024\/04\/Walkertshofenerkl-1536x1127.jpg 1536w, https:\/\/m-ravenstein.de\/wp-content\/uploads\/2024\/04\/Walkertshofenerkl.jpg 1880w\" sizes=\"(max-width: 1024px) 100vw, 1024px\" \/><\/figure><\/div>\n\n\n\n<div id=\"wp-block-themeisle-blocks-advanced-columns-82d674e2\" class=\"wp-block-themeisle-blocks-advanced-columns alignfull has-1-columns has-desktop-equal-layout has-tablet-equal-layout has-mobile-equal-layout has-vertical-unset has-light-bg\"><div class=\"wp-block-themeisle-blocks-advanced-columns-overlay\"><\/div><div class=\"innerblocks-wrap\">\n<div id=\"wp-block-themeisle-blocks-advanced-column-588ff44f\" class=\"wp-block-themeisle-blocks-advanced-column\"><\/div>\n<\/div><\/div>\n","protected":false},"excerpt":{"rendered":"","protected":false},"author":1,"featured_media":835,"parent":0,"menu_order":0,"comment_status":"closed","ping_status":"closed","template":"page-templates\/template-pagebuilder-full-width.php","meta":{"neve_meta_sidebar":"","neve_meta_container":"","neve_meta_enable_content_width":"","neve_meta_content_width":0,"neve_meta_title_alignment":"","neve_meta_author_avatar":"","neve_post_elements_order":"","neve_meta_disable_header":"","neve_meta_disable_footer":"","neve_meta_disable_title":"","_themeisle_gutenberg_block_has_review":false,"_ti_tpc_template_sync":false,"_ti_tpc_template_id":"","footnotes":""},"_links":{"self":[{"href":"https:\/\/m-ravenstein.de\/index.php?rest_route=\/wp\/v2\/pages\/375"}],"collection":[{"href":"https:\/\/m-ravenstein.de\/index.php?rest_route=\/wp\/v2\/pages"}],"about":[{"href":"https:\/\/m-ravenstein.de\/index.php?rest_route=\/wp\/v2\/types\/page"}],"author":[{"embeddable":true,"href":"https:\/\/m-ravenstein.de\/index.php?rest_route=\/wp\/v2\/users\/1"}],"replies":[{"embeddable":true,"href":"https:\/\/m-ravenstein.de\/index.php?rest_route=%2Fwp%2Fv2%2Fcomments&post=375"}],"version-history":[{"count":19,"href":"https:\/\/m-ravenstein.de\/index.php?rest_route=\/wp\/v2\/pages\/375\/revisions"}],"predecessor-version":[{"id":841,"href":"https:\/\/m-ravenstein.de\/index.php?rest_route=\/wp\/v2\/pages\/375\/revisions\/841"}],"wp:featuredmedia":[{"embeddable":true,"href":"https:\/\/m-ravenstein.de\/index.php?rest_route=\/wp\/v2\/media\/835"}],"wp:attachment":[{"href":"https:\/\/m-ravenstein.de\/index.php?rest_route=%2Fwp%2Fv2%2Fmedia&parent=375"}],"curies":[{"name":"wp","href":"https:\/\/api.w.org\/{rel}","templated":true}]}}