{"id":372,"date":"2024-04-07T11:10:44","date_gmt":"2024-04-07T11:10:44","guid":{"rendered":"http:\/\/m-ravenstein.de\/?page_id=372"},"modified":"2024-08-25T14:30:52","modified_gmt":"2024-08-25T14:30:52","slug":"testimonials","status":"publish","type":"page","link":"https:\/\/m-ravenstein.de\/?page_id=372","title":{"rendered":"Testimonials"},"content":{"rendered":"\n<div id=\"wp-block-themeisle-blocks-advanced-columns-4845f905\" class=\"wp-block-themeisle-blocks-advanced-columns alignfull has-1-columns has-desktop-equal-layout has-tablet-equal-layout has-mobile-equal-layout has-vertical-unset\"><div class=\"wp-block-themeisle-blocks-advanced-columns-overlay\"><\/div><div class=\"innerblocks-wrap\">\n<div id=\"wp-block-themeisle-blocks-advanced-column-7991d263\" class=\"wp-block-themeisle-blocks-advanced-column\">\n<h1 id=\"wp-block-themeisle-blocks-advanced-heading-78f9d0f7\" class=\"wp-block-themeisle-blocks-advanced-heading wp-block-themeisle-blocks-advanced-heading-78f9d0f7\">Testimonials<\/h1>\n<\/div>\n<\/div><\/div>\n\n\n\n<div id=\"wp-block-themeisle-blocks-advanced-columns-4a5a872c\" class=\"wp-block-themeisle-blocks-advanced-columns alignfull has-2-columns has-desktop-twoOne-layout has-tablet-equal-layout has-mobile-collapsedRows-layout has-reverse-columns-mobile has-vertical-top has-light-bg\"><div class=\"wp-block-themeisle-blocks-advanced-columns-overlay\"><\/div><div class=\"innerblocks-wrap\">\n<div id=\"wp-block-themeisle-blocks-advanced-column-f1b69168\" class=\"wp-block-themeisle-blocks-advanced-column\">\n<div class=\"wp-block-group\"><div class=\"wp-block-group__inner-container is-layout-constrained wp-block-group-is-layout-constrained\">\n<div id=\"wp-block-themeisle-blocks-accordion-80281d77\" class=\"wp-block-themeisle-blocks-accordion exclusive\">\n<details class=\"wp-block-themeisle-blocks-accordion-item\"><summary class=\"wp-block-themeisle-blocks-accordion-item__title\"><div>Verena Gropper, Sopran<br>Studium Historische Interpretationspraxis in Frankfurt 2009-2012<br><strong>Man kann schlicht erfahren und erleben, dass es einfacher und besser geht!\u2026 <\/strong><\/div><\/summary><div class=\"wp-block-themeisle-blocks-accordion-item__content\">\n<p>Was ich an Henriette beeindruckend finde ist, dass sie in jedem Stadium einer S\u00e4ngerinnenausbildung\/Laufbahn genau da ansetzen kann, wo es hapert, und einen auf die richtige &#8220;Spur&#8221; bringt bzw. zur\u00fcckbringt. Sowohl bei echter Basisarbeit als auch beim Feinschliff. Sowohl in der Stimmbildung von Grund auf als auch bei ganz spezifischer Problembehandlung. Ohne das Gef\u00fchl zu vermitteln, dass man &#8220;umgekrempelt&#8221; w\u00fcrde. Man kann schlicht erfahren und erleben, dass es einfacher und besser geht!&nbsp;<\/p>\n\n\n\n<p>Mein Selbstbewusstsein als S\u00e4ngerin habe ich ganz ma\u00dfgeblich ihr zu verdanken.<\/p>\n<\/div><\/details>\n\n\n\n<details class=\"wp-block-themeisle-blocks-accordion-item\"><summary class=\"wp-block-themeisle-blocks-accordion-item__title\"><div>Johannes Mayer, Tenor; Studium in Frankfurt 2009 bis 2016; Festengagement Oper Mainz 2015 bis 2022; Mitglied des SWR Vokalensembles<br><strong>Sie hat meine gesamte Entwicklung vom Anf\u00e4nger bis zum Profi, auch noch in meiner Zeit am Mainzer Theater, technisch und k\u00fcnstlerisch begleitet\u2026<\/strong><\/div><\/summary><div class=\"wp-block-themeisle-blocks-accordion-item__content\">\n<p>Ich habe bei Frau Prof. Meyer-Ravenstein die klassische Gesangstechnik von Grund auf gelernt. Sie hat meine gesamte Entwicklung vom Anf\u00e4nger bis zum Profi, auch noch in meiner Zeit am Mainzer Theater, technisch und k\u00fcnstlerisch begleitet.&nbsp;<\/p>\n\n\n\n<p>Besonders pr\u00e4gend und eindrucksvoll fand ich dabei, wie sie mir mit ihrer humorvollen Art und auch durch das Einbeziehen von szenischen Elementen einen lockeren und angstfreien Zugang zum Musizieren mit der eigenen Stimme erm\u00f6glicht hat.&nbsp;<\/p>\n\n\n\n<p>Durch das Erlernen von fokussiertem Singen bei gleichzeitiger k\u00f6rperlicher Durchl\u00e4ssigkeit und Flexibilit\u00e4t, konnte ich dank ihr im Verlauf meines Studiums s\u00e4ngerisch anspruchsvolle Literatur meistern und ein angemessenes stimmliches Volumen ohne Druck entwickeln.<\/p>\n<\/div><\/details>\n\n\n\n<details class=\"wp-block-themeisle-blocks-accordion-item\"><summary class=\"wp-block-themeisle-blocks-accordion-item__title\"><div>Lukas Siebert, Tenor<br>Studium Lehramt und MA Chorleitung in Frankfurt 2015 bis 2020<br>Danach BA und MA Gesang in M\u00fcnchen bei Lars Woldt<br><strong>Henriette Meyer-Ravenstein hat mir mit ihrer fundierten und praxisbezogen P\u00e4dagogik<\/strong> \u2026<\/div><\/summary><div class=\"wp-block-themeisle-blocks-accordion-item__content\">\n<p>Henriette Meyer-Ravenstein hat mir mit ihrer fundierten und praxisbezogen P\u00e4dagogik<strong> <\/strong>in meinen ersten Schritten als S\u00e4nger Werkzeuge in die Hand gegeben, auf die ich mich heute noch, selbst wenn gar nichts mehr geht, immer verlassen kann.<\/p>\n<\/div><\/details>\n\n\n\n<details class=\"wp-block-themeisle-blocks-accordion-item\"><summary class=\"wp-block-themeisle-blocks-accordion-item__title\"><div>Petra S\u00f6lva, Sopran, <br>S\u00e4ngerin und Gesangsp\u00e4dagogin, Eppan in S\u00fcdtirol<br><strong>F\u00fcr mein Wirken als Gesangsp\u00e4dagogin sind mir im wahrsten Sinne die Ohren aufgegangen..<\/strong><\/div><\/summary><div class=\"wp-block-themeisle-blocks-accordion-item__content\">\n<p>Henriette Meyer-Ravenstein arbeitet mit feinsinnigen Ohren und gr\u00f6\u00dfter Fachkompetenz mit Stimmen verschiedenster Leistungslevels. Ich habe ihr intensives und achtsames Arbeiten in einigen Meisterkursen kennen und sch\u00e4tzen gelernt und dabei f\u00fcr mich wertvolle Impulse f\u00fcr die technische Weiterentwicklung meiner Stimme erfahren. F\u00fcr mein Wirken als Gesangsp\u00e4dagogin sind mir im wahrsten Sinne die Ohren aufgegangen.<\/p>\n<\/div><\/details>\n\n\n\n<details class=\"wp-block-themeisle-blocks-accordion-item\"><summary class=\"wp-block-themeisle-blocks-accordion-item__title\"><div>Alma Ruoqi Sun, Sopran<br>BA Gesang\u00a0 2016-2020, dann MA bei Michelle Breedt, jetzt Mitglied im Opernstudio Stuttgart <strong>Ich war gerade 17, als ich zu Prof. Meyer-Ravenstein kam<\/strong>\u2026<\/div><\/summary><div class=\"wp-block-themeisle-blocks-accordion-item__content\">\n<p>Sie hat mich durch die Aufnahmepr\u00fcfung und den Bachelor begleitet und mir sowohl als S\u00e4ngerin als auch als Mensch viel geholfen mich weiterzuentwickeln. Durch ihre pr\u00e4zise Arbeit konnte ich eine stabile Basis schaffen, mit der ich meine Karriere verfolgen kann.<\/p>\n<\/div><\/details>\n\n\n\n<details class=\"wp-block-themeisle-blocks-accordion-item\"><summary class=\"wp-block-themeisle-blocks-accordion-item__title\"><div>Renzo Huber, Tenor, S\u00fcdtirol <br><strong>Wenn ich heute professionell singe, habe ich es ihr zu verdanken..<\/strong><\/div><\/summary><div class=\"wp-block-themeisle-blocks-accordion-item__content\">\n<p>Henriette muss ich vor allem danken, dass sie vor wenigen Jahren das Potential erkannt hat, das in mir steckt, und mir mit sehr klaren Worten gesagt hat, dass ich gegen\u00fcber meiner Begabung eine Verantwortung habe. Wenn ich heute professionell singe, habe ich es ihr zu verdanken.&nbsp;<\/p>\n\n\n\n<p>Bei den folgenden Kursen, die ich bei ihr besuchen durfte, hat sie mir immer sehr klare Anweisungen gegeben, mit denen ich \u00fcber lange Zeit arbeiten und mich Tag f\u00fcr Tag verbessern konnte.&nbsp;<\/p>\n\n\n\n<p>Ich sch\u00e4tze an Henriette den vollen Einsatz, die Begeisterung und auch manchmal die Hartn\u00e4ckigkeit beim Unterrichten. Alles ist ihr wichtig, die technische Stabilit\u00e4t, die einwandfreie Aussprache, die Textdeutung, die Pr\u00e4sentation und das Zusammenwirken mit dem Pianisten.<\/p>\n<\/div><\/details>\n\n\n\n<details class=\"wp-block-themeisle-blocks-accordion-item\"><summary class=\"wp-block-themeisle-blocks-accordion-item__title\"><div>Julia Heidmann, Sopran; Singer-Songwriterin im Duo Romie<br>Studium Lehramt in Frankfurt\u00a0 2013 bis 2017<br><strong>Bei Antritt meiner Gesangsausbildung bei Prof. Meyer-Ravenstein litt ich unter einer funktionellen Dysphonie, \u2026<\/strong><\/div><\/summary><div class=\"wp-block-themeisle-blocks-accordion-item__content\">\n<p>welche durch monatelange Fehlnutzung und \u00dcberstrapazierung meiner Stimme bei einem vorangegangenen Gesangsstudium entstanden war.<\/p>\n\n\n\n<p>Ich wendete mich gezielt an HMR, weil ich wusste, dass sie neben sehr guter Grundausbildung auch daf\u00fcr bekannt ist, S\u00e4ngerInnen mit Problemen zu helfen.<\/p>\n\n\n\n<p>Wir begaben uns gemeinsam auf eine sehr anstrengende und langwierige Reise, bei der viel Geduld und immenses technisches Wissen sowie gro\u00dfe Empathie der Dozierenden gefragt war, um mich durch einen Wald aus Schwei\u00df und Tr\u00e4nen endlich wieder mir selbst und meiner wahrhaften Stimme n\u00e4her zu bringen.<\/p>\n\n\n\n<p>Nat\u00fcrlich ist es noch immer ein langer Weg, aber ich kann endlich wieder frei und gesund singen und im Rahmen meines Schulmusikstudiums sogar auf eine ausgezeichnete Abschlusspr\u00fcfung zur\u00fcckblicken, welche ich ohne die langj\u00e4hrige Betreuung durch HMR nicht h\u00e4tte bestreiten k\u00f6nnen.<\/p>\n\n\n\n<p>Mittlerweile arbeite ich als freischaffende S\u00e4ngerin und Musikerin in verschiedenen Bands und Projekten. Von der einstigen Stimmst\u00f6rung merke ich nur noch sehr selten etwas, und f\u00fcr diese F\u00e4lle bin ich von HMR mit \u00dcbungen und Hilfestellungen ausgestattet worden um die Stimme zu korrigieren und nicht in die alten Muster zu verfallen.<\/p>\n\n\n\n<p>Ich m\u00f6chte jede\/n zu Gesangsunterricht bei HMR ermutigen, denn er ist eine gro\u00dfe Bereicherung.<\/p>\n<\/div><\/details>\n\n\n\n<details class=\"wp-block-themeisle-blocks-accordion-item\"><summary class=\"wp-block-themeisle-blocks-accordion-item__title\"><div>Andreas Hirtreiter, Tenor, Mitglied im Chor des Bayerischen Rundfunks<br><strong>Sie hat mich stimmlich und menschlich behutsam wieder aufgebaut und somit eine solide Grundlage f\u00fcr meine Karriere geschaffen\u2026<\/strong><\/div><\/summary><div class=\"wp-block-themeisle-blocks-accordion-item__content\">\n<p>Henriette ist eine sehr einf\u00fchlsame Gesangslehrerin, die sich mit Herz und Fachwissen ihrer Aufgabe verschrieben hat. Ich kam in einer pers\u00f6nlich schwierigen Lage zu ihr. Sie hat mich stimmlich und menschlich behutsam wieder aufgebaut und somit eine solide Grundlage f\u00fcr meine Karriere geschaffen.<\/p>\n<\/div><\/details>\n\n\n\n<details class=\"wp-block-themeisle-blocks-accordion-item\"><summary class=\"wp-block-themeisle-blocks-accordion-item__title\"><div>Dirk Schneider, Bariton \/ Gesanglehrer \/ Coach<br>Studium Lehramt und MA Konzertgesang in Frankfurt von 2005-2013<br><strong>Henriettes Spezialit\u00e4t ist es, schlecht ausgebildete Stimmen wieder auf den Pfad der Tugend zur\u00fcckzuf\u00fchren. So auch bei mir\u2026<\/strong><\/div><\/summary><div class=\"wp-block-themeisle-blocks-accordion-item__content\">\n<p>Ihr gelang es in kurzer Zeit, mir technisches Handwerk, aber auch k\u00fcnstlerische Visionen mitzugeben. Ohne sie h\u00e4tten meine Gesangsstudien und mein jetziges Berufsleben gar nicht erst entstehen k\u00f6nnen. Vielen Dank f\u00fcr diese gemeinsame Zeit!<\/p>\n<\/div><\/details>\n\n\n\n<details class=\"wp-block-themeisle-blocks-accordion-item\"><summary class=\"wp-block-themeisle-blocks-accordion-item__title\"><div>Lioba Br\u00e4ndle, Lehramststudium von 2017 bis 2022,<br>Gr\u00fcndungsmitglied des A Cappella Ensembles Et Heppera<br><strong>Wie \u00fcbe ich richtig? Wie schaffe ich es, verschiedene Gesangsstile nebeneinander zu singen? Wie kriege ich meine Stimme wieder hergestellt nach Krankheit oder \u00dcberlastung?<\/strong><\/div><\/summary><div class=\"wp-block-themeisle-blocks-accordion-item__content\">\n<p>Frau Meyer-Ravenstein unterrichtete mich \u00fcber mehrere Jahre w\u00f6chentlich. Sie konnte mir bei Problemstellungen aller Art helfen:&nbsp;Wie \u00fcbe ich richtig? Wie schaffe ich es, verschiedene Gesangsstile nebeneinander zu singen? Wie kriege ich meine Stimme wieder hergestellt nach Krankheit oder \u00dcberlastung?&nbsp;<\/p>\n\n\n\n<p>Ich bin sehr dankbar f\u00fcr ihren vielf\u00e4ltigen Unterricht, der meine Stimme gesund und im richtigen Tempo aufgebaut hat und auf dessen Grundlage ich gro\u00dfe Freude habe, weiterzusingen und zu forschen.<\/p>\n<\/div><\/details>\n\n\n\n<details class=\"wp-block-themeisle-blocks-accordion-item\"><summary class=\"wp-block-themeisle-blocks-accordion-item__title\"><div>Eva Gnigler, nach Lehramtsstudium Innsbruck BA Gesang in Frankfurt 2010 bis 2014.<br>S\u00e4ngerin, Gesanglehrerin und Musiklehrerin in Innsbruck<br><strong>Die fundierte Gesangstechnik hilft mir t\u00e4glich: sei es beim Unterrichten in Schulklassen, bei Konzerten oder einfach im Alltag..<\/strong><\/div><\/summary><div class=\"wp-block-themeisle-blocks-accordion-item__content\">\n<p>Durch den Gesangsunterricht bei Henriette Meyer-Ravenstein habe ich mich stimmlich, aber auch pers\u00f6nlich enorm weiterentwickeln k\u00f6nnen. Die fundierte Gesangstechnik hilft mir t\u00e4glich: sei es beim Unterrichten in Schulklassen, bei Konzerten oder einfach im Alltag. Ich habe durch Henriette gelernt meinen K\u00f6rper wahrzunehmen und ihn beim Singen richtig einzusetzen. Ich habe ein Repertoire an Gesangs- und Stimm\u00fcbungen, die es mir immer erm\u00f6glichen mich stimmlich aufzuw\u00e4rmen und weiterzuentwickeln. Was mir jedoch am besten gefallen hat ist, dass Henriette nie nur technisch an St\u00fccke herangegangen ist, sondern der Inhalt\/ die Interpretation eine zentrale Rolle in ihrem Unterricht spielen.<\/p>\n\n\n\n<p>Sie hat es geschafft mich nie zu \u00fcberfordern, aber immer genauso zu fordern, dass ich \u00fcber mich hinauswachsen konnte. Daf\u00fcr bin ich ihr sehr dankbar.<\/p>\n<\/div><\/details>\n\n\n\n<details class=\"wp-block-themeisle-blocks-accordion-item\"><summary class=\"wp-block-themeisle-blocks-accordion-item__title\"><div>Gerlinde S\u00e4mann, Sopran; <a href=\"https:\/\/de.wikipedia.org\/wiki\/Gerlinde_S%C3%A4mann\">https:\/\/de.wikipedia.org\/wiki\/Gerlinde_S\u00e4mann<\/a><br><strong>Ich war sicher mehr als 12 Jahre regelm\u00e4\u00dfig zum Unterricht bei ihr.<\/strong><br><strong>Ihr Unterricht hat mich f\u00fcrs Leben gepr\u00e4gt\u2026<\/strong><\/div><\/summary><div class=\"wp-block-themeisle-blocks-accordion-item__content\">\n<p>Viele von uns aus der M\u00fcnchner Gesangs-Szene waren in den 90ern Sch\u00fcler von Karl-Heinz Jarius, der durch sein besonderes Geh\u00f6r und mit seiner einzigartigen Technik zahllose S\u00e4nger begleitete. Henriette war damals auch Sch\u00fclerin bei ihm und begann, dieser mysteri\u00f6sen Technik auf den Grund zu gehen. Es sprach sich herum, dass es bei Henriette besonderen Unterricht gibt.<\/p>\n\n\n\n<p>Bei einer Off-Theater Produktion haben wir uns kennengelernt und danach ging ich gleich zu ihr.&nbsp; Sie hat meine Stimme zum Leuchten gebracht.<\/p>\n\n\n\n<p>So wie das Leben vorangeht, so entwickelten wir uns k\u00fcnstlerisch und gesangstechnisch weiter, auch der Unterricht bei Henriette ver\u00e4nderte sich. Es ist wichtig, ein Leben lang neugierig zu bleiben und zu forschen.<\/p>\n\n\n\n<p>Ich war sicher mehr als 12 Jahre regelm\u00e4\u00dfig zum Unterricht bei ihr.<\/p>\n\n\n\n<p>Wenn man mich fragt, was habe ich bei Henriette gelernt? Ich habe gelernt, kultiviert zu singen und klug mit meiner Stimme umzugehen. Und ich habe gelernt, Lied zu interpretieren. Ich kenne kaum einen Lehrer, der das so gro\u00dfartig und bewegend vermitteln kann.<\/p>\n\n\n\n<p>Auch wenn wir uns \u00fcber lange Zeit nicht getroffen haben: Ich habe Henriette immer dabei, wenn ich singen gehe. Ihr Unterricht hat mich f\u00fcrs Leben gepr\u00e4gt.<\/p>\n\n\n\n<p>Ich kann Henriettes kreative Arbeit im Gesang w\u00e4rmstens empfehlen. Dazu wird viel gelacht und das Herz geht immer voraus.<\/p>\n\n\n\n<p>In tiefer Dankbarkeit, Gerlinde S\u00e4mann<\/p>\n<\/div><\/details>\n\n\n\n<details class=\"wp-block-themeisle-blocks-accordion-item\"><summary class=\"wp-block-themeisle-blocks-accordion-item__title\"><div>Elisabeth de Roo, Sopran; Erasmus-Stdentin aus Salzburg 2012\/2013<br><strong>Was schreibt man \u00fcber einen Menschen, der unersch\u00fctterlich an einen geglaubt hat, als es niemand tat?<\/strong><br><\/div><\/summary><div class=\"wp-block-themeisle-blocks-accordion-item__content\">\n<p>Als ich anfing mit Henriette zu arbeiten, war meine Stimme vollkommen zerst\u00f6rt. Ganze Phrasen wurden zum Intonationsrisiko. Die Stimme war dumpf und hatte ein extremes Flatter-Vibrato. Ich war dabei aufzugeben, als mir eine Kollegin riet, mit einer Professorin in Frankfurt am Main zu arbeiten. Nicht der n\u00e4chste Weg (von Salzburg), aber ich war so viele Umwege gegangen. Ich beschloss es zu versuchen. Warum mich Henriette in diesem schlechten stimmlichen und psychischen Zustand nach Frankfurt in ihre Klasse aufnahm, kann ich mir nur so erkl\u00e4ren: Sie liebt Herausforderungen, und ich war eine. Ein ganzes Jahr haben wir ben\u00f6tigt, um den Grundstein f\u00fcr eine neue Technik zu legen. Danach hat es noch einige Jahre gedauert, um eine professionelle Technik zu etablieren. Es ist schwer, wenn man das Meiste falsch in den Muskeln abgespeichert hat.\u00a0Heute toure ich mit mit meinem zweist\u00fcndigen Soloprogramm und singe Aufnahmen mit sinfonischem Blasorchester. Henriette steht weiterhin zur Verf\u00fcgung, wenn ich technisch nicht weiterkomme. Aus meiner ehemaligen Professorin wurde meine Freundin.Dass es jemals Zweifel an der Durchschlagskraft und der Ausdauer meiner Stimmb\u00e4nder, gab w\u00fcrde heute keiner vermuten. Es war aber so. Dass es eine Frau gibt, die wei\u00df was sie tut, wenn sie mit Stimmen arbeitet, ist ein riesiges Geschenk f\u00fcr alle S\u00e4ngerinnen und S\u00e4nger dieser Welt. Danke Henriette !<\/p>\n<\/div><\/details>\n<\/div>\n<\/div><\/div>\n<\/div>\n\n\n\n<div id=\"wp-block-themeisle-blocks-advanced-column-8bd4a650\" class=\"wp-block-themeisle-blocks-advanced-column\">\n<figure class=\"wp-block-image size-full\"><img loading=\"lazy\" decoding=\"async\" width=\"496\" height=\"642\" src=\"http:\/\/m-ravenstein.de\/wp-content\/uploads\/2024\/04\/testimonials.jpg\" alt=\"\" class=\"wp-image-327\" srcset=\"https:\/\/m-ravenstein.de\/wp-content\/uploads\/2024\/04\/testimonials.jpg 496w, https:\/\/m-ravenstein.de\/wp-content\/uploads\/2024\/04\/testimonials-232x300.jpg 232w\" sizes=\"(max-width: 496px) 100vw, 496px\" \/><\/figure>\n<\/div>\n<\/div><\/div>\n\n\n\n<div id=\"wp-block-themeisle-blocks-advanced-columns-82d674e2\" class=\"wp-block-themeisle-blocks-advanced-columns alignfull has-1-columns has-desktop-equal-layout has-tablet-equal-layout has-mobile-equal-layout has-vertical-unset has-light-bg\"><div class=\"wp-block-themeisle-blocks-advanced-columns-overlay\"><\/div><div class=\"innerblocks-wrap\">\n<div id=\"wp-block-themeisle-blocks-advanced-column-1845f8e5\" class=\"wp-block-themeisle-blocks-advanced-column\">\n<figure class=\"wp-block-gallery has-nested-images columns-default is-cropped wp-block-gallery-1 is-layout-flex wp-block-gallery-is-layout-flex\"><\/figure>\n<\/div>\n<\/div><\/div>\n","protected":false},"excerpt":{"rendered":"","protected":false},"author":1,"featured_media":0,"parent":0,"menu_order":0,"comment_status":"closed","ping_status":"closed","template":"page-templates\/template-pagebuilder-full-width.php","meta":{"neve_meta_sidebar":"","neve_meta_container":"","neve_meta_enable_content_width":"","neve_meta_content_width":0,"neve_meta_title_alignment":"","neve_meta_author_avatar":"","neve_post_elements_order":"","neve_meta_disable_header":"","neve_meta_disable_footer":"","neve_meta_disable_title":"","_themeisle_gutenberg_block_has_review":false,"_ti_tpc_template_sync":false,"_ti_tpc_template_id":"","footnotes":""},"_links":{"self":[{"href":"https:\/\/m-ravenstein.de\/index.php?rest_route=\/wp\/v2\/pages\/372"}],"collection":[{"href":"https:\/\/m-ravenstein.de\/index.php?rest_route=\/wp\/v2\/pages"}],"about":[{"href":"https:\/\/m-ravenstein.de\/index.php?rest_route=\/wp\/v2\/types\/page"}],"author":[{"embeddable":true,"href":"https:\/\/m-ravenstein.de\/index.php?rest_route=\/wp\/v2\/users\/1"}],"replies":[{"embeddable":true,"href":"https:\/\/m-ravenstein.de\/index.php?rest_route=%2Fwp%2Fv2%2Fcomments&post=372"}],"version-history":[{"count":11,"href":"https:\/\/m-ravenstein.de\/index.php?rest_route=\/wp\/v2\/pages\/372\/revisions"}],"predecessor-version":[{"id":816,"href":"https:\/\/m-ravenstein.de\/index.php?rest_route=\/wp\/v2\/pages\/372\/revisions\/816"}],"wp:attachment":[{"href":"https:\/\/m-ravenstein.de\/index.php?rest_route=%2Fwp%2Fv2%2Fmedia&parent=372"}],"curies":[{"name":"wp","href":"https:\/\/api.w.org\/{rel}","templated":true}]}}