{"id":139,"date":"2020-03-26T00:46:04","date_gmt":"2020-03-26T00:46:04","guid":{"rendered":"https:\/\/demosites.io\/rokophoto-gb\/?page_id=139"},"modified":"2024-04-22T11:54:14","modified_gmt":"2024-04-22T11:54:14","slug":"98ee9-about","status":"publish","type":"page","link":"https:\/\/m-ravenstein.de\/?page_id=139","title":{"rendered":"Vita"},"content":{"rendered":"\n<div id=\"wp-block-themeisle-blocks-advanced-columns-6fd49cfa\" class=\"wp-block-themeisle-blocks-advanced-columns alignfull has-1-columns has-desktop-equal-layout has-tablet-equal-layout has-mobile-equal-layout has-vertical-unset\"><div class=\"wp-block-themeisle-blocks-advanced-columns-overlay\"><\/div><div class=\"innerblocks-wrap\">\n<div id=\"wp-block-themeisle-blocks-advanced-column-87827bcc\" class=\"wp-block-themeisle-blocks-advanced-column\">\n<h1 id=\"wp-block-themeisle-blocks-advanced-heading-93d7a316\" class=\"wp-block-themeisle-blocks-advanced-heading wp-block-themeisle-blocks-advanced-heading-93d7a316\"> Vita<\/h1>\n<\/div>\n<\/div><\/div>\n\n\n\n<div style=\"height:34px\" aria-hidden=\"true\" class=\"wp-block-spacer\"><\/div>\n\n\n\n<div id=\"wp-block-themeisle-blocks-advanced-columns-83364036\" class=\"wp-block-themeisle-blocks-advanced-columns has-1-columns has-desktop-equal-layout has-tablet-equal-layout has-mobile-equal-layout has-vertical-unset\"><div class=\"wp-block-themeisle-blocks-advanced-columns-overlay\"><\/div><div class=\"innerblocks-wrap\">\n<div id=\"wp-block-themeisle-blocks-advanced-column-d9c053c1\" class=\"wp-block-themeisle-blocks-advanced-column\">\n<div id=\"wp-block-themeisle-blocks-advanced-columns-f02a536f\" class=\"wp-block-themeisle-blocks-advanced-columns has-2-columns has-desktop-oneTwo-layout has-tablet-equal-layout has-mobile-collapsedRows-layout has-vertical-unset\"><div class=\"wp-block-themeisle-blocks-advanced-columns-overlay\"><\/div><div class=\"innerblocks-wrap\">\n<div id=\"wp-block-themeisle-blocks-advanced-column-fe19323d\" class=\"wp-block-themeisle-blocks-advanced-column\">\n<figure class=\"wp-block-image size-large is-resized\"><img loading=\"lazy\" decoding=\"async\" width=\"987\" height=\"1024\" src=\"http:\/\/m-ravenstein.de\/wp-content\/uploads\/2024\/03\/Bild2-987x1024.jpg\" alt=\"Henriette Meyer-Ravenstein\" class=\"wp-image-234\" style=\"width:365px;height:auto\" srcset=\"https:\/\/m-ravenstein.de\/wp-content\/uploads\/2024\/03\/Bild2-987x1024.jpg 987w, https:\/\/m-ravenstein.de\/wp-content\/uploads\/2024\/03\/Bild2-289x300.jpg 289w, https:\/\/m-ravenstein.de\/wp-content\/uploads\/2024\/03\/Bild2-768x797.jpg 768w, https:\/\/m-ravenstein.de\/wp-content\/uploads\/2024\/03\/Bild2-1481x1536.jpg 1481w, https:\/\/m-ravenstein.de\/wp-content\/uploads\/2024\/03\/Bild2.jpg 1936w\" sizes=\"(max-width: 987px) 100vw, 987px\" \/><\/figure>\n<\/div>\n\n\n\n<div id=\"wp-block-themeisle-blocks-advanced-column-2bd53441\" class=\"wp-block-themeisle-blocks-advanced-column\"><\/div>\n<\/div><\/div>\n<\/div>\n<\/div><\/div>\n\n\n\n<div style=\"height:10px\" aria-hidden=\"true\" class=\"wp-block-spacer\"><\/div>\n\n\n\n<div id=\"wp-block-themeisle-blocks-advanced-columns-ccc5c6bd\" class=\"wp-block-themeisle-blocks-advanced-columns has-1-columns has-desktop-equal-layout has-tablet-equal-layout has-mobile-equal-layout has-vertical-unset\"><div class=\"wp-block-themeisle-blocks-advanced-columns-overlay\"><\/div><div class=\"innerblocks-wrap\">\n<div id=\"wp-block-themeisle-blocks-advanced-column-c5942cc6\" class=\"wp-block-themeisle-blocks-advanced-column\">\n<h2 class=\"wp-block-heading\">Henriette Meyer-Ravenstein<\/h2>\n\n\n\n<p>Ich stamme aus einer norddeutschen Juristenfamilie und durchlief meine musikalische Sozialisation in einem Jugendchor, dessen T\u00e4tigkeit monatelange Konzertreisen und spektakul\u00e4re Auftrittsorte mit sich brachte. Trotzdem kam ich nicht auf die Idee, dass man Gesang auch studieren kann, und begann daher mein Musikstudium in Hannover als Pianistin. Durch Liedbegleitung mit S\u00e4ngern in Kontakt gebracht, studierte ich nach meinem Klavierdiplom schlie\u00dflich doch Gesangsp\u00e4dagogik mit Diplomabschluss bei Prof. Charlotte Lehmann. Danach bewegte ich mich mehr als 20 Jahre lang in der Freien Szene mit Konzerten, freien Opernproduktionen und einer intensiven Rundfunkchort\u00e4tigkeit im RiAS, NDR und BR. Im Zusammenspiel mit Lehrauftr\u00e4gen f\u00fcr Gesang im Lehramtsstudium &#8211; in Hannover gleich nach dem Examen, sp\u00e4ter an der LMU M\u00fcnchen, dem Mozarteum Innsbruck und der Musikhochschule M\u00fcnchen &#8211; bot das eine ausreichende Grundlage f\u00fcr ein abwechslungsreiches und kreatives Musikerdasein. Dabei waren meine Schwerpunkte die Alte Musik und das Lied.<\/p>\n\n\n\n<p>Mit meiner langj\u00e4hrigen Partnerin am Klavier Elisabeth Bostr\u00f6m gr\u00fcndete ich das Ensemble KonzertAkt. 10 Jahre lang entstanden in Zusammenarbeit mit Schauspielern, T\u00e4nzern und Regisseuren immer neue Konzepte f\u00fcr Kammermusiktheater, in die wir zu unserer Begeisterung f\u00fcr die Form des Klavierliedes auch unsere Spielfreude einbringen konnten.<\/p>\n\n\n\n<p>Von 2005 bis 2023 hatte ich eine Professur f\u00fcr Gesang an der HfMDK in Frankfurt inne. Zur Hochschult\u00e4tigkeit kamen die T\u00e4tigkeit als Voicecoach an der V\u00e4rmlands-Oper in Schweden und &nbsp;Kurse an verschiedenen Orten &#8211; u.a. einmal j\u00e4hrlich eine Gesangslehrerfortbildung f\u00fcr S\u00fcdtiroler Musikschulen, ein- bis zweimal j\u00e4hrlich die Walkertshofener Workshops f\u00fcr Liedgestaltung und 15 Sommer lang der Kurs im Rahmen der Payerbacher Meisterkurse.<\/p>\n\n\n\n<p>In all den Jahren vorher hatte ich nie aufgeh\u00f6rt, selbst Gesangsunterricht bei den verschiedensten Lehrern zu nehmen &#8211; darunter Karl-Heinz Jarius, Beata Heuer,Eugen Rabine und Sami Kustaloglu -, um dem Geheimnis des Singens und der dazu n\u00f6tigen Technik immer weiter auf die Spur zu kommen. Eine schwere Stimmkrise zur Zeit meiner ersten Vorsingen an Theatern hatte diese Suche ausgel\u00f6st, an deren Ende ich noch immer nicht angekommen bin. Auch die Hochschule bietet mir bis heute durch ihr breit gestreutes Angebot und den Austausch mit Kolleg*innen viel Gelegenheit zum Weiterlernen. Die Vielf\u00e4ltigkeit der Veranlagungen und Begabungen, aber auch Problemstellungen im Umgang mit der heranwachsenden K\u00fcnstler- und Lehrergeneration fasziniert mich dabei t\u00e4glich neu.<\/p>\n\n\n\n<p>An der HfMDK konnte ich \u00fcber all die Jahre auch meine Lust auf spielerischen und damit auch szenischen Einsatz der Stimme weiterleben und weiter entwickeln. Eingebunden in einen starken inhaltlichen Zusammenhang, in eine intensiv mitf\u00fchlende und innerlich mitsingende Gruppe f\u00e4llt es einfach so viel leichter, solistisch zu singen und dabei in jedem Moment nachzuempfinden, was man singt und warum man es singt.<\/p>\n\n\n\n<p>Diese Arbeit der Konzeptentwicklung mit jungen Leuten ist mir eine Herzensangelegenheit geworden, in deren Dienst ich jetzt, nach meiner Pensionierung, meine erworbenen F\u00e4higkeiten gerne auch an anderen Orten einbringen m\u00f6chte.<\/p>\n<\/div>\n<\/div><\/div>\n","protected":false},"excerpt":{"rendered":"","protected":false},"author":1,"featured_media":0,"parent":0,"menu_order":0,"comment_status":"closed","ping_status":"closed","template":"page-templates\/template-pagebuilder-full-width.php","meta":{"neve_meta_sidebar":"full-width","neve_meta_container":"contained","neve_meta_enable_content_width":"on","neve_meta_content_width":100,"neve_meta_title_alignment":"","neve_meta_author_avatar":"","neve_post_elements_order":"","neve_meta_disable_header":"","neve_meta_disable_footer":"","neve_meta_disable_title":"","_themeisle_gutenberg_block_has_review":false,"_ti_tpc_template_sync":false,"_ti_tpc_template_id":"p8g6w771wdd0vuj9a562","footnotes":""},"_links":{"self":[{"href":"https:\/\/m-ravenstein.de\/index.php?rest_route=\/wp\/v2\/pages\/139"}],"collection":[{"href":"https:\/\/m-ravenstein.de\/index.php?rest_route=\/wp\/v2\/pages"}],"about":[{"href":"https:\/\/m-ravenstein.de\/index.php?rest_route=\/wp\/v2\/types\/page"}],"author":[{"embeddable":true,"href":"https:\/\/m-ravenstein.de\/index.php?rest_route=\/wp\/v2\/users\/1"}],"replies":[{"embeddable":true,"href":"https:\/\/m-ravenstein.de\/index.php?rest_route=%2Fwp%2Fv2%2Fcomments&post=139"}],"version-history":[{"count":26,"href":"https:\/\/m-ravenstein.de\/index.php?rest_route=\/wp\/v2\/pages\/139\/revisions"}],"predecessor-version":[{"id":550,"href":"https:\/\/m-ravenstein.de\/index.php?rest_route=\/wp\/v2\/pages\/139\/revisions\/550"}],"wp:attachment":[{"href":"https:\/\/m-ravenstein.de\/index.php?rest_route=%2Fwp%2Fv2%2Fmedia&parent=139"}],"curies":[{"name":"wp","href":"https:\/\/api.w.org\/{rel}","templated":true}]}}