{"id":121,"date":"2020-03-24T11:17:54","date_gmt":"2020-03-24T11:17:54","guid":{"rendered":"https:\/\/demosites.io\/rokophoto-gb\/?page_id=121"},"modified":"2024-04-30T09:18:05","modified_gmt":"2024-04-30T09:18:05","slug":"98ee9-photo-event","status":"publish","type":"page","link":"https:\/\/m-ravenstein.de\/?page_id=121","title":{"rendered":"Regie"},"content":{"rendered":"\n<div id=\"wp-block-themeisle-blocks-advanced-columns-4845f905\" class=\"wp-block-themeisle-blocks-advanced-columns alignfull has-1-columns has-desktop-equal-layout has-tablet-equal-layout has-mobile-equal-layout has-vertical-unset\"><div class=\"wp-block-themeisle-blocks-advanced-columns-overlay\"><\/div><div class=\"innerblocks-wrap\">\n<div id=\"wp-block-themeisle-blocks-advanced-column-7991d263\" class=\"wp-block-themeisle-blocks-advanced-column\">\n<h1 id=\"wp-block-themeisle-blocks-advanced-heading-78f9d0f7\" class=\"wp-block-themeisle-blocks-advanced-heading wp-block-themeisle-blocks-advanced-heading-78f9d0f7\">Regisseurin &#8211; Musiktheater an Schulen<\/h1>\n<\/div>\n<\/div><\/div>\n\n\n\n<div id=\"wp-block-themeisle-blocks-advanced-columns-4a5a872c\" class=\"wp-block-themeisle-blocks-advanced-columns alignfull has-2-columns has-desktop-twoOne-layout has-tablet-equal-layout has-mobile-collapsedRows-layout has-reverse-columns-mobile has-vertical-top has-light-bg\"><div class=\"wp-block-themeisle-blocks-advanced-columns-overlay\"><\/div><div class=\"innerblocks-wrap\">\n<div id=\"wp-block-themeisle-blocks-advanced-column-f1b69168\" class=\"wp-block-themeisle-blocks-advanced-column\">\n<p>Meine Arbeit als Regisseurin hat ihren Ursprung in den selbst entwickelten Kammermusiktheatern des Ensembles KonzertAkt. Viele Jahre freie Szene haben mich entscheidend gepr\u00e4gt. Musiktheater entstehen zu lassen ohne nennenswerten Etat, immer unter bestm\u00f6glicher Verwendung der Menschen, R\u00e4ume und Gegenst\u00e4nde, die da sind &#8211; das ist eine Form von Kreativit\u00e4t, die ich liebe.<\/p>\n\n\n\n<p>13 B\u00fchnenproduktionen mit meiner Gesangsklasse an der HfMDK Frankfurt haben dieses Konzept und diese Arbeitsweise weiter reifen lassen. Dabei r\u00fcckte der angemessene Umgang mit den gerade zuf\u00e4llig in der Klasse befindlichen Studierenden immer mehr in den Vordergrund. Sie waren so enorm heterogen. Alle Niveaus vom Lehramtsstudierenden f\u00fcr Grundschule mit Pflichtfach Gesang bis zum k\u00fcnstlerischen BA und MA Gesang! Und alle sollten in den Produktionen gefordert und gef\u00f6rdert werden. Eine Herausforderung, die ich lieben gelernt habe, und der ich mich weiter widmen m\u00f6chte. Eine fast zuf\u00e4llig zusammengew\u00fcrfelte Gruppe von Menschen, die sich kaum oder gar nicht kennen, kann so im Laufe einer Produktion zu einer echten Gemeinschaft mit gleicherma\u00dfen hoher Motivation zusammenwachsen. Dabei ist entscheidend, dass jeder und jede an seinem\/ihrem Platz wichtig und unentbehrlich ist. Dann haben alle nicht nur Spa\u00df, sondern singen auch noch sch\u00f6n: frei und selbstverst\u00e4ndlich und pr\u00e4sent. Das freut das P\u00e4dagogenherz. In solchem Umfeld wachsen Studierende oder Sch\u00fclerInnen \u00fcber sich hinaus. Das erlebe ich als extrem begl\u00fcckend!<\/p>\n\n\n\n<p>Dieses Konzept m\u00f6chte ich in Zukunft Schulen anbieten, die gerne identit\u00e4tsstiftende Musiktheaterprojekte verwirklichen w\u00fcrden, aber in der eigenen Lehrendenschaft keine Kapazit\u00e4t zur Umsetzung haben.<\/p>\n<\/div>\n\n\n\n<div id=\"wp-block-themeisle-blocks-advanced-column-8bd4a650\" class=\"wp-block-themeisle-blocks-advanced-column\">\n<figure class=\"wp-block-image size-large\"><img loading=\"lazy\" decoding=\"async\" width=\"1024\" height=\"1024\" src=\"http:\/\/m-ravenstein.de\/wp-content\/uploads\/2024\/03\/mr_1904-1024x1024.jpg\" alt=\"\" class=\"wp-image-238\" srcset=\"https:\/\/m-ravenstein.de\/wp-content\/uploads\/2024\/03\/mr_1904-1024x1024.jpg 1024w, https:\/\/m-ravenstein.de\/wp-content\/uploads\/2024\/03\/mr_1904-300x300.jpg 300w, https:\/\/m-ravenstein.de\/wp-content\/uploads\/2024\/03\/mr_1904-150x150.jpg 150w, https:\/\/m-ravenstein.de\/wp-content\/uploads\/2024\/03\/mr_1904-768x768.jpg 768w, https:\/\/m-ravenstein.de\/wp-content\/uploads\/2024\/03\/mr_1904-1536x1536.jpg 1536w, https:\/\/m-ravenstein.de\/wp-content\/uploads\/2024\/03\/mr_1904.jpg 1800w\" sizes=\"(max-width: 1024px) 100vw, 1024px\" \/><\/figure>\n<\/div>\n<\/div><\/div>\n\n\n\n<div id=\"wp-block-themeisle-blocks-advanced-columns-82d674e2\" class=\"wp-block-themeisle-blocks-advanced-columns alignfull has-1-columns has-desktop-equal-layout has-tablet-equal-layout has-mobile-equal-layout has-vertical-unset has-light-bg\"><div class=\"wp-block-themeisle-blocks-advanced-columns-overlay\"><\/div><div class=\"innerblocks-wrap\">\n<div id=\"wp-block-themeisle-blocks-advanced-column-1845f8e5\" class=\"wp-block-themeisle-blocks-advanced-column\">\n<figure class=\"wp-block-gallery has-nested-images columns-default is-cropped wp-block-gallery-1 is-layout-flex wp-block-gallery-is-layout-flex\">\n<figure class=\"wp-block-image size-large\"><img loading=\"lazy\" decoding=\"async\" width=\"1024\" height=\"1024\" src=\"http:\/\/m-ravenstein.de\/wp-content\/uploads\/2024\/03\/mr_1905-1024x1024.jpg\" alt=\"\" class=\"wp-image-239\" srcset=\"https:\/\/m-ravenstein.de\/wp-content\/uploads\/2024\/03\/mr_1905-1024x1024.jpg 1024w, https:\/\/m-ravenstein.de\/wp-content\/uploads\/2024\/03\/mr_1905-300x300.jpg 300w, https:\/\/m-ravenstein.de\/wp-content\/uploads\/2024\/03\/mr_1905-150x150.jpg 150w, https:\/\/m-ravenstein.de\/wp-content\/uploads\/2024\/03\/mr_1905-768x768.jpg 768w, https:\/\/m-ravenstein.de\/wp-content\/uploads\/2024\/03\/mr_1905-1536x1536.jpg 1536w, https:\/\/m-ravenstein.de\/wp-content\/uploads\/2024\/03\/mr_1905.jpg 1800w\" sizes=\"(max-width: 1024px) 100vw, 1024px\" \/><\/figure>\n\n\n\n<figure class=\"wp-block-image size-full\"><img loading=\"lazy\" decoding=\"async\" width=\"642\" height=\"456\" src=\"http:\/\/m-ravenstein.de\/wp-content\/uploads\/2024\/04\/Regie2.jpg\" alt=\"\" class=\"wp-image-340\" srcset=\"https:\/\/m-ravenstein.de\/wp-content\/uploads\/2024\/04\/Regie2.jpg 642w, https:\/\/m-ravenstein.de\/wp-content\/uploads\/2024\/04\/Regie2-300x213.jpg 300w\" sizes=\"(max-width: 642px) 100vw, 642px\" \/><\/figure>\n\n\n\n<figure class=\"wp-block-image size-large\"><img loading=\"lazy\" decoding=\"async\" width=\"1024\" height=\"1024\" src=\"http:\/\/m-ravenstein.de\/wp-content\/uploads\/2024\/03\/mr_1908-2-1024x1024.jpg\" alt=\"\" class=\"wp-image-240\" srcset=\"https:\/\/m-ravenstein.de\/wp-content\/uploads\/2024\/03\/mr_1908-2-1024x1024.jpg 1024w, https:\/\/m-ravenstein.de\/wp-content\/uploads\/2024\/03\/mr_1908-2-300x300.jpg 300w, https:\/\/m-ravenstein.de\/wp-content\/uploads\/2024\/03\/mr_1908-2-150x150.jpg 150w, https:\/\/m-ravenstein.de\/wp-content\/uploads\/2024\/03\/mr_1908-2-768x768.jpg 768w, https:\/\/m-ravenstein.de\/wp-content\/uploads\/2024\/03\/mr_1908-2-1536x1536.jpg 1536w, https:\/\/m-ravenstein.de\/wp-content\/uploads\/2024\/03\/mr_1908-2.jpg 1800w\" sizes=\"(max-width: 1024px) 100vw, 1024px\" \/><\/figure>\n<\/figure>\n<\/div>\n<\/div><\/div>\n","protected":false},"excerpt":{"rendered":"","protected":false},"author":1,"featured_media":0,"parent":0,"menu_order":0,"comment_status":"closed","ping_status":"closed","template":"page-templates\/template-pagebuilder-full-width.php","meta":{"neve_meta_sidebar":"full-width","neve_meta_container":"contained","neve_meta_enable_content_width":"on","neve_meta_content_width":100,"neve_meta_title_alignment":"","neve_meta_author_avatar":"","neve_post_elements_order":"","neve_meta_disable_header":"","neve_meta_disable_footer":"","neve_meta_disable_title":"","_themeisle_gutenberg_block_has_review":false,"_ti_tpc_template_sync":false,"_ti_tpc_template_id":"5xgbsjwz4qqhs6tzzman","footnotes":""},"_links":{"self":[{"href":"https:\/\/m-ravenstein.de\/index.php?rest_route=\/wp\/v2\/pages\/121"}],"collection":[{"href":"https:\/\/m-ravenstein.de\/index.php?rest_route=\/wp\/v2\/pages"}],"about":[{"href":"https:\/\/m-ravenstein.de\/index.php?rest_route=\/wp\/v2\/types\/page"}],"author":[{"embeddable":true,"href":"https:\/\/m-ravenstein.de\/index.php?rest_route=\/wp\/v2\/users\/1"}],"replies":[{"embeddable":true,"href":"https:\/\/m-ravenstein.de\/index.php?rest_route=%2Fwp%2Fv2%2Fcomments&post=121"}],"version-history":[{"count":9,"href":"https:\/\/m-ravenstein.de\/index.php?rest_route=\/wp\/v2\/pages\/121\/revisions"}],"predecessor-version":[{"id":702,"href":"https:\/\/m-ravenstein.de\/index.php?rest_route=\/wp\/v2\/pages\/121\/revisions\/702"}],"wp:attachment":[{"href":"https:\/\/m-ravenstein.de\/index.php?rest_route=%2Fwp%2Fv2%2Fmedia&parent=121"}],"curies":[{"name":"wp","href":"https:\/\/api.w.org\/{rel}","templated":true}]}}