{"id":114,"date":"2020-03-24T10:44:03","date_gmt":"2020-03-24T10:44:03","guid":{"rendered":"https:\/\/demosites.io\/rokophoto-gb\/?page_id=114"},"modified":"2024-04-30T09:39:17","modified_gmt":"2024-04-30T09:39:17","slug":"98ee9-project-details","status":"publish","type":"page","link":"https:\/\/m-ravenstein.de\/?page_id=114","title":{"rendered":"Gesang"},"content":{"rendered":"\n<div id=\"wp-block-themeisle-blocks-advanced-columns-a2d6b6cf\" class=\"wp-block-themeisle-blocks-advanced-columns alignfull has-1-columns has-desktop-equal-layout has-tablet-equal-layout has-mobile-equal-layout has-vertical-unset\"><div class=\"wp-block-themeisle-blocks-advanced-columns-overlay\"><\/div><div class=\"innerblocks-wrap\">\n<div id=\"wp-block-themeisle-blocks-advanced-column-102d751f\" class=\"wp-block-themeisle-blocks-advanced-column\">\n<h2 id=\"wp-block-themeisle-blocks-advanced-heading-156caa8a\" class=\"wp-block-themeisle-blocks-advanced-heading wp-block-themeisle-blocks-advanced-heading-156caa8a\"> Gesangsunterricht<\/h2>\n<\/div>\n<\/div><\/div>\n\n\n\n<div style=\"height:100px\" aria-hidden=\"true\" class=\"wp-block-spacer\"><\/div>\n\n\n\n<div class=\"wp-block-media-text alignwide is-stacked-on-mobile is-image-fill\"><figure class=\"wp-block-media-text__media\" style=\"background-image:url(http:\/\/m-ravenstein.de\/wp-content\/uploads\/2024\/03\/Portrait.jpg);background-position:50% 50%\"><img loading=\"lazy\" decoding=\"async\" width=\"642\" height=\"535\" src=\"http:\/\/m-ravenstein.de\/wp-content\/uploads\/2024\/03\/Portrait.jpg\" alt=\"\" class=\"wp-image-271 size-full\" srcset=\"https:\/\/m-ravenstein.de\/wp-content\/uploads\/2024\/03\/Portrait.jpg 642w, https:\/\/m-ravenstein.de\/wp-content\/uploads\/2024\/03\/Portrait-300x250.jpg 300w\" sizes=\"(max-width: 642px) 100vw, 642px\" \/><\/figure><div class=\"wp-block-media-text__content\">\n<p><\/p>\n\n\n\n<p id=\"block-bd121fe1-a654-4b90-872d-60024bcaf754\"><span style=\"font-size:13.0pt;\ncolor:#333333;background:white\"><strong>Gesangsp\u00e4dagogin:<\/strong><\/span><\/p>\n\n\n\n<p>Seit nunmehr fast 40 Jahren unterrichte ich. Privatsch\u00fcler und Studierende aller Ausbildungsg\u00e4nge und aller Ausbildungsst\u00e4nde. Nie h\u00f6rt es auf, spannend zu sein &#8211; die Problemstellungen sind so vielf\u00e4ltig wie die Menschheit selbst. Und f\u00fcr alle gilt: L\u00e4uft die Stimme besser, ist die Stimmung auch besser!<\/p>\n\n\n\n<p><strong>Was sind meine St\u00e4rken?<\/strong><\/p>\n\n\n\n<ul>\n<li>Stimmen von Grund auf sauber aufbauen<\/li>\n\n\n\n<li>Fehlgeleitete Stimmen \u201ereparieren\u201c und auf ges\u00fcndere F\u00fc\u00dfe stellen<\/li>\n\n\n\n<li>Motivieren, die eigene Pers\u00f6nlichkeit mit dem Singen in Einklang zu bringen <\/li>\n\n\n\n<li>Den Mut und die F\u00e4hihgkeit vermitteln selbstbewusst und frei zu singen, egal auf welchem Ausbildungsstand -sich jemand befindet.<\/li>\n<\/ul>\n\n\n\n<div style=\"height:46px\" aria-hidden=\"true\" class=\"wp-block-spacer\"><\/div>\n\n\n\n<p><strong>Die Fragen, die mich im Unterricht und in Kursen dauerhaft besch\u00e4ftigen:<\/strong><\/p>\n\n\n\n<ul>\n<li>Wie komme ich zu einer gesunden und anstrengungslosen Stimmerzeugung?<\/li>\n\n\n\n<li>Wie komme ich zu einer freien, nat\u00fcrlichen K\u00f6rperhaltung beim Singen?<\/li>\n\n\n\n<li>Wie verbessere ich die \u00d6konomie meiner Stimmf\u00fchrung so, dass ich ausdr\u00fccken kann, was ich ausdr\u00fccken m\u00f6chte &#8211; unabh\u00e4ngig vom Ausbildungsstand?<\/li>\n\n\n\n<li>Wie n\u00e4here ich mich dem Inhalt eines Liedes\/Songs, einer Arie?<\/li>\n\n\n\n<li>Wie erz\u00e4hle ich meine Geschichte musikalisch und inhaltlich \u00fcberzeugend?<\/li>\n\n\n\n<li>Wie erreiche und bewege ich mein Publikum?<\/li>\n<\/ul>\n<\/div><\/div>\n\n\n\n<div style=\"height:64px\" aria-hidden=\"true\" class=\"wp-block-spacer\"><\/div>\n\n\n\n<div id=\"wp-block-themeisle-blocks-advanced-columns-3cca826b\" class=\"wp-block-themeisle-blocks-advanced-columns has-1-columns has-desktop-equal-layout has-tablet-equal-layout has-mobile-equal-layout has-vertical-unset\"><div class=\"wp-block-themeisle-blocks-advanced-columns-overlay\"><\/div><div class=\"innerblocks-wrap\">\n<div id=\"wp-block-themeisle-blocks-advanced-column-f9c090ff\" class=\"wp-block-themeisle-blocks-advanced-column\">\n<p>Testimonials &#8211; so heterogen wie meine Klasse es immer war!<\/p>\n\n\n\n<p>Link zum Interview <a href=\"https:\/\/www.hessen-schafft-wissen.de\/artikel\/podcast-henriette-meyer-ravenstein\" target=\"_blank\" rel=\"noreferrer noopener\">https:\/\/www.hessen-schafft-wissen.de<\/a><\/p>\n<\/div>\n<\/div><\/div>\n","protected":false},"excerpt":{"rendered":"","protected":false},"author":1,"featured_media":0,"parent":0,"menu_order":0,"comment_status":"closed","ping_status":"closed","template":"page-templates\/template-pagebuilder-full-width.php","meta":{"neve_meta_sidebar":"full-width","neve_meta_container":"contained","neve_meta_enable_content_width":"on","neve_meta_content_width":100,"neve_meta_title_alignment":"","neve_meta_author_avatar":"","neve_post_elements_order":"","neve_meta_disable_header":"","neve_meta_disable_footer":"","neve_meta_disable_title":"","_themeisle_gutenberg_block_has_review":false,"_ti_tpc_template_sync":false,"_ti_tpc_template_id":"m6bt0e2flmp3sw2c0iq5","footnotes":""},"_links":{"self":[{"href":"https:\/\/m-ravenstein.de\/index.php?rest_route=\/wp\/v2\/pages\/114"}],"collection":[{"href":"https:\/\/m-ravenstein.de\/index.php?rest_route=\/wp\/v2\/pages"}],"about":[{"href":"https:\/\/m-ravenstein.de\/index.php?rest_route=\/wp\/v2\/types\/page"}],"author":[{"embeddable":true,"href":"https:\/\/m-ravenstein.de\/index.php?rest_route=\/wp\/v2\/users\/1"}],"replies":[{"embeddable":true,"href":"https:\/\/m-ravenstein.de\/index.php?rest_route=%2Fwp%2Fv2%2Fcomments&post=114"}],"version-history":[{"count":83,"href":"https:\/\/m-ravenstein.de\/index.php?rest_route=\/wp\/v2\/pages\/114\/revisions"}],"predecessor-version":[{"id":708,"href":"https:\/\/m-ravenstein.de\/index.php?rest_route=\/wp\/v2\/pages\/114\/revisions\/708"}],"wp:attachment":[{"href":"https:\/\/m-ravenstein.de\/index.php?rest_route=%2Fwp%2Fv2%2Fmedia&parent=114"}],"curies":[{"name":"wp","href":"https:\/\/api.w.org\/{rel}","templated":true}]}}